{"id":4733,"date":"2026-01-14T20:36:18","date_gmt":"2026-01-14T20:36:18","guid":{"rendered":"https:\/\/www.langoai.co\/%e9%9a%90%e7%a7%81%e6%94%bf%e7%ad%96\/"},"modified":"2026-01-14T20:36:18","modified_gmt":"2026-01-14T20:36:18","slug":"%e9%9a%90%e7%a7%81%e6%94%bf%e7%ad%96","status":"publish","type":"page","link":"https:\/\/www.langoai.co\/zh-hans\/%e9%9a%90%e7%a7%81%e6%94%bf%e7%ad%96\/","title":{"rendered":"\u9690\u79c1\u653f\u7b56"},"content":{"rendered":"\t\t<div data-elementor-type=\"wp-page\" data-elementor-id=\"4733\" class=\"elementor elementor-4733\" data-elementor-post-type=\"page\">\n\t\t\t\t<div class=\"elementor-element elementor-element-af182ba e-flex e-con-boxed e-con e-parent\" data-id=\"af182ba\" data-element_type=\"container\">\n\t\t\t\t\t<div class=\"e-con-inner\">\n\t\t\t\t<div class=\"elementor-element elementor-element-e1a54c0 elementor-widget elementor-widget-text-editor\" data-id=\"e1a54c0\" data-element_type=\"widget\" data-widget_type=\"text-editor.default\">\n\t\t\t\t<div class=\"elementor-widget-container\">\n\t\t\t\t\t\t\t\t\t<p class=\"p4\" style=\"text-align: right;\"><b>\u751f\u6548\u65e5\u671f\uff1a<\/b><span class=\"s3\"> 2015.09.19<\/span><\/p><h2><b>1. \u5f15\u8a00<\/b><\/h2><p class=\"p1\">\u672c\u9690\u79c1\u653f\u7b56\u8bf4\u660e\u4e86<span class=\"s1\"><b>Kreatifart \u2013 Can Demirel<\/b><\/span>\uff08\u201cLangoAI\u201d\uff0c\u201c\u6211\u4eec\u201d\uff0c\u201c\u6211\u4eec\u7684\u201d\uff0c\u201c\u6211\u4eec\u201d\uff09\u5728\u60a8\u8bbf\u95ee\u6211\u4eec\u7684\u7f51\u7ad9<a href=\"https:\/\/www.langoai.co\/\">www.langoai.co<\/a>\u3001\u4f7f\u7528\u6211\u4eec\u7684\u670d\u52a1\u6216\u4e0e\u6211\u4eec\u4e92\u52a8\u65f6\u5982\u4f55\u6536\u96c6\u3001\u4f7f\u7528\u3001\u5b58\u50a8\u548c\u4fdd\u62a4\u4e2a\u4eba\u6570\u636e\u3002\u6211\u4eec\u81f4\u529b\u4e8e\u4fdd\u62a4\u60a8\u7684\u9690\u79c1\uff0c\u786e\u4fdd\u60a8\u7684\u4e2a\u4eba\u6570\u636e\u6309\u7167<span class=\"s1\"><b>\u901a\u7528\u6570\u636e\u4fdd\u62a4\u6761\u4f8b\uff08\u6b27\u76df\uff092016\/679\uff08\u201cGDPR\u201d\uff09<\/b><\/span>\u3001<span class=\"s1\"><b>\u82f1\u56fdGDPR<\/b><\/span>\u53ca\u5176\u4ed6\u9002\u7528\u7684\u6570\u636e\u4fdd\u62a4\u6cd5\u5f8b\uff0c\u5305\u62ec\u571f\u8033\u5176<span class=\"s1\"><b>KVKK<\/b><\/span>\u8fdb\u884c\u5904\u7406\u3002<\/p><h2><b>2. \u6570\u636e\u63a7\u5236\u8005<\/b><\/h2><p class=\"p1\">\u8d1f\u8d23\u60a8\u4e2a\u4eba\u6570\u636e\u7684\u6570\u636e\u63a7\u5236\u8005\u4e3a\uff1a<\/p><p class=\"p4\"><b>Kreatifart \u2013 Can Demirel<\/b><b><\/b><\/p><p class=\"p1\">Halaskargazi Cd. No: 38-66, 34371 Lotus Ni\u015fanta\u015f\u0131 \u015ei\u015fli \/ \u4f0a\u65af\u5766\u5e03\u5c14\uff0c\u571f\u8033\u5176<\/p><p class=\"p1\">\u7535\u5b50\u90ae\u4ef6\uff1a<a href=\"mailto:info@langoai.co\">info@langoai.co<\/a><\/p><p class=\"p1\">\u5982\u679c\u60a8\u5bf9\u672c\u9690\u79c1\u653f\u7b56\u6216\u6211\u4eec\u7684\u6570\u636e\u5904\u7406\u6709\u4efb\u4f55\u7591\u95ee\u6216\u62c5\u5fe7\uff0c\u60a8\u53ef\u4ee5\u4f7f\u7528\u4e0a\u8ff0\u8054\u7cfb\u65b9\u5f0f\u4e0e\u6211\u4eec\u8054\u7cfb\u3002<\/p><h2><b>3. \u6211\u4eec\u6536\u96c6\u7684\u4e2a\u4eba\u6570\u636e<\/b><\/h2><p class=\"p1\">\u6211\u4eec\u53ef\u80fd\u6536\u96c6\u4ee5\u4e0b\u7c7b\u522b\u7684\u4e2a\u4eba\u6570\u636e\uff1a<\/p><ul><li><p class=\"p1\"><span class=\"s1\"><b>\u8eab\u4efd\u6570\u636e\uff1a<\/b><\/span>\u59d3\u540d\uff0c\u59d3\u6c0f\uff0c\u516c\u53f8\u4fe1\u606f\u3002<\/p><\/li><li><p class=\"p1\"><span class=\"s1\"><b>\u8054\u7cfb\u6570\u636e\uff1a<\/b><\/span>\u7535\u5b50\u90ae\u4ef6\u5730\u5740\uff0c\u7535\u8bdd\u53f7\u7801\u3002<\/p><\/li><li><p class=\"p1\"><span class=\"s1\"><b>\u8d26\u6237\u6570\u636e\uff1a<\/b><\/span>\u767b\u5f55\u51ed\u8bc1\uff08\u5982\u9002\u7528\uff09\uff0c\u504f\u597d\u8bbe\u7f6e\u3002<\/p><\/li><li><p class=\"p1\"><span class=\"s1\"><b>\u4f7f\u7528\u6570\u636e\uff1a<\/b><\/span>IP\u5730\u5740\uff0c\u6d4f\u89c8\u5668\u7c7b\u578b\uff0c\u64cd\u4f5c\u7cfb\u7edf\uff0c\u8bbe\u5907\u4fe1\u606f\uff0c\u7f51\u7ad9\u5bfc\u822a\uff0c\u670d\u52a1\u4e92\u52a8\u3002<\/p><\/li><li><p class=\"p1\"><span class=\"s1\"><b>\u901a\u4fe1\u6570\u636e\uff1a<\/b><\/span>\u60a8\u5728\u8054\u7cfb\u6211\u4eec\u65f6\u63d0\u4f9b\u7684\u4fe1\u606f\uff0c\u5982\u5ba2\u6237\u652f\u6301\u8bf7\u6c42\u3002<\/p><\/li><li><p class=\"p1\"><span class=\"s1\"><b>Cookies\u53ca\u8ffd\u8e2a\u6570\u636e\uff1a<\/b><\/span>\u901a\u8fc7Cookies\u3001\u5206\u6790\u5de5\u5177\u53ca\u7c7b\u4f3c\u6280\u672f\u6536\u96c6\uff08\u89c1\u7b2c6\u8282\uff09\u3002<\/p><\/li><\/ul><h2>\u00a0<\/h2><h2><b>4. \u6211\u4eec\u5982\u4f55\u4f7f\u7528\u60a8\u7684\u6570\u636e<\/b><\/h2><p class=\"p1\">\u60a8\u7684\u4e2a\u4eba\u6570\u636e\u5c06\u7528\u4e8e\u4ee5\u4e0b\u76ee\u7684\uff1a<\/p><ul><li><p class=\"p1\">\u63d0\u4f9b\u3001\u7ef4\u62a4\u548c\u6539\u8fdb\u6211\u4eec\u7684\u670d\u52a1\u3002<\/p><\/li><li><p class=\"p1\">\u4e0e\u60a8\u6c9f\u901a\uff0c\u5305\u62ec\u56de\u590d\u8be2\u95ee\u3002<\/p><\/li><li><p class=\"p1\">\u7ba1\u7406\u60a8\u7684\u8d26\u6237\u548c\u4ea4\u6613\u3002<\/p><\/li><li><p class=\"p1\">\u53d1\u9001\u670d\u52a1\u66f4\u65b0\u3001\u91cd\u8981\u901a\u77e5\u53ca\uff08\u7ecf\u540c\u610f\u7684\uff09\u8425\u9500\u4fe1\u606f\u3002<\/p><\/li><li><p class=\"p1\">\u5206\u6790\u7f51\u7ad9\u6d41\u91cf\u548c\u4f7f\u7528\u6a21\u5f0f\u3002<\/p><\/li><li><p class=\"p1\">\u9075\u5b88\u6cd5\u5f8b\u4e49\u52a1\u5e76\u6267\u884c\u6211\u4eec\u7684\u6761\u6b3e\u3002<\/p><\/li><\/ul><h2><b>5. \u5904\u7406\u7684\u6cd5\u5f8b\u4f9d\u636e<\/b><\/h2><p class=\"p1\">\u6211\u4eec\u6839\u636eGDPR\u4ee5\u4e0b\u6cd5\u5f8b\u4f9d\u636e\u5904\u7406\u60a8\u7684\u4e2a\u4eba\u6570\u636e\uff1a<\/p><ul><li><p class=\"p1\"><span class=\"s1\"><b>\u540c\u610f<\/b><\/span> \u2013 \u5f53\u60a8\u540c\u610f\u53ef\u9009\u7684\u8425\u9500\u6216\u5206\u6790Cookies\u65f6\u3002<\/p><\/li><li><p class=\"p1\"><span class=\"s1\"><b>\u5408\u540c<\/b><\/span> \u2013 \u5f53\u5904\u7406\u5bf9\u5411\u60a8\u63d0\u4f9b\u670d\u52a1\u5fc5\u9700\u65f6\u3002<\/p><\/li><li><p class=\"p1\"><span class=\"s1\"><b>\u6cd5\u5f8b\u4e49\u52a1<\/b><\/span> \u2013 \u5f53\u9002\u7528\u6cd5\u5f8b\u8981\u6c42\u65f6\u3002<\/p><\/li><li><p class=\"p1\"><span class=\"s1\"><b>\u5408\u6cd5\u5229\u76ca<\/b><\/span> \u2013 \u7528\u4e8e\u6539\u8fdb\u670d\u52a1\u3001\u9632\u6b62\u6b3a\u8bc8\u53ca\u786e\u4fdd\u5b89\u5168\uff0c\u524d\u63d0\u662f\u8fd9\u4e9b\u5229\u76ca\u4e0d\u88ab\u60a8\u7684\u6743\u5229\u6240\u8986\u76d6\u3002<\/p><\/li><\/ul><h2><b>6. Cookies\u53ca\u8ffd\u8e2a<\/b><\/h2><p class=\"p1\">\u6211\u4eec\u4f7f\u7528Cookies\u53ca\u7c7b\u4f3c\u6280\u672f\u6765\u63d0\u5347\u529f\u80fd\u3001\u5206\u6790\u6027\u80fd\u5e76\u4e2a\u6027\u5316\u60a8\u7684\u4f53\u9a8c\u3002\u60a8\u53ef\u4ee5\u901a\u8fc7\u6d4f\u89c8\u5668\u8bbe\u7f6e\u7ba1\u7406\u6216\u7981\u7528Cookies\u3002\u8be6\u60c5\u8bf7\u53c2\u89c1\u6211\u4eec\u7684<a href=\"\/privacy\/\"><span class=\"s1\"><b>Cookie\u653f\u7b56<\/b><\/span><\/a>\u3002<\/p><h2><b>7. \u6570\u636e\u5171\u4eab\u4e0e\u4f20\u8f93<\/b><\/h2><p class=\"p1\">\u6211\u4eec\u53ef\u80fd\u4e0e\u4ee5\u4e0b\u5bf9\u8c61\u5171\u4eab\u60a8\u7684\u6570\u636e\uff1a<\/p><ul><li><p class=\"p1\"><span class=\"s1\"><b>\u670d\u52a1\u63d0\u4f9b\u5546\u53ca\u4e1a\u52a1\u5408\u4f5c\u4f19\u4f34<\/b><\/span>\uff0c\u534f\u52a9\u63d0\u4f9b\u6211\u4eec\u7684\u670d\u52a1\uff08\u5982\u6258\u7ba1\u3001\u5206\u6790\u3001\u652f\u4ed8\u5904\u7406\uff09\u3002<\/p><\/li><li><p class=\"p1\"><b>\u4e3b\u7ba1\u673a\u5173\u6216\u76d1\u7ba1\u673a\u6784<\/b><span class=\"s1\">\uff0c\u5982\u6cd5\u5f8b\u8981\u6c42\u3002<\/span><\/p><\/li><\/ul><p class=\"p1\">\u5982\u679c\u4e2a\u4eba\u6570\u636e\u88ab\u4f20\u8f93\u81f3<span class=\"s1\"><b>\u6b27\u6d32\u7ecf\u6d4e\u533a\uff08EEA\uff09<\/b><\/span>\u4ee5\u5916\u5730\u533a\uff0c\u6211\u4eec\u5c06\u786e\u4fdd\u91c7\u53d6\u9002\u5f53\u4fdd\u969c\u63aa\u65bd\uff08\u5982\u6807\u51c6\u5408\u540c\u6761\u6b3e\uff09\u3002<\/p><h2><b>8. \u6570\u636e\u4fdd\u7559<\/b><\/h2><p class=\"p1\">\u6211\u4eec\u4ec5\u5728\u4e0a\u8ff0\u76ee\u7684\u6240\u9700\u671f\u9650\u5185\u6216\u6cd5\u5f8b\u8981\u6c42\u7684\u671f\u9650\u5185\u4fdd\u7559\u4e2a\u4eba\u6570\u636e\u3002<\/p><ul><li><p class=\"p1\">\u8d26\u6237\u76f8\u5173\u6570\u636e\uff1a\u8d26\u6237\u6fc0\u6d3b\u671f\u95f4\u3002<\/p><\/li><li><p class=\"p1\">\u4ea4\u6613\u53ca\u6cd5\u5f8b\u6570\u636e\uff1a\u6839\u636e\u6cd5\u5b9a\u4fdd\u7559\u671f\u9650\u4fdd\u7559\u3002<\/p><\/li><li><p class=\"p1\">\u8425\u9500\u53ca\u901a\u4fe1\u6570\u636e\uff1a\u76f4\u5230\u60a8\u64a4\u56de\u540c\u610f\u6216\u53d6\u6d88\u8ba2\u9605\u3002<\/p><\/li><\/ul><h2><b>9. \u6570\u636e\u5b89\u5168<\/b><\/h2><p class=\"p1\">\u6211\u4eec\u5b9e\u65bd\u9002\u5f53\u7684<span class=\"s1\"><b>\u6280\u672f\u548c\u7ec4\u7ec7\u63aa\u65bd<\/b><\/span>\uff0c\u4fdd\u62a4\u60a8\u7684\u4e2a\u4eba\u6570\u636e\u514d\u906d\u672a\u7ecf\u6388\u6743\u7684\u8bbf\u95ee\u3001\u62ab\u9732\u3001\u66f4\u6539\u6216\u9500\u6bc1\u3002<\/p><h2><b>10. \u60a8\u7684\u6743\u5229\uff08GDPR \/ KVKK\uff09<\/b><\/h2><p class=\"p1\">\u60a8\u5bf9\u4e2a\u4eba\u6570\u636e\u4eab\u6709\u4ee5\u4e0b\u6743\u5229\uff1a<\/p><ul><li><p class=\"p1\">\u8bbf\u95ee\u6743 \u2013 \u83b7\u53d6\u786e\u8ba4\u53ca\u6570\u636e\u526f\u672c\u3002<\/p><\/li><li><p class=\"p1\">\u66f4\u6b63\u6743 \u2013 \u7ea0\u6b63\u4e0d\u51c6\u786e\u6216\u4e0d\u5b8c\u6574\u7684\u6570\u636e\u3002<\/p><\/li><li><p class=\"p1\">\u5220\u9664\u6743 \u2013 \u8bf7\u6c42\u5220\u9664\u60a8\u7684\u6570\u636e\uff08\u201c\u88ab\u9057\u5fd8\u6743\u201d\uff09\u3002<\/p><\/li><li><p class=\"p1\">\u9650\u5236\u5904\u7406\u6743 \u2013 \u5728\u7279\u5b9a\u60c5\u51b5\u4e0b\u9650\u5236\u6570\u636e\u4f7f\u7528\u3002<\/p><\/li><li><p class=\"p1\">\u6570\u636e\u53ef\u643a\u6743 \u2013 \u4ee5\u7ed3\u6784\u5316\u683c\u5f0f\u63a5\u6536\u60a8\u7684\u6570\u636e\u3002<\/p><\/li><li><p class=\"p1\">\u53cd\u5bf9\u6743 \u2013 \u53cd\u5bf9\u57fa\u4e8e\u5408\u6cd5\u5229\u76ca\u6216\u76f4\u63a5\u8425\u9500\u7684\u5904\u7406\u3002<\/p><\/li><li><p class=\"p1\">\u64a4\u56de\u540c\u610f\u6743 \u2013 \u5728\u57fa\u4e8e\u540c\u610f\u7684\u5904\u7406\u60c5\u51b5\u4e0b\u968f\u65f6\u64a4\u56de\u3002<\/p><\/li><\/ul><p class=\"p1\">\u60a8\u53ef\u901a\u8fc7<a href=\"mailto:info@langoai.co\">info@langoai.co<\/a>\u8054\u7cfb\u6211\u4eec\u884c\u4f7f\u8fd9\u4e9b\u6743\u5229\u3002<\/p><p class=\"p1\">\u6b64\u5916\uff0c\u60a8\u6709\u6743\u5411\u5f53\u5730\u6570\u636e\u4fdd\u62a4\u4e3b\u7ba1\u673a\u5173\u6295\u8bc9\u3002<\/p><h2><b>11. \u672c\u653f\u7b56\u7684\u53d8\u66f4<\/b><\/h2><p class=\"p1\">\u6211\u4eec\u53ef\u80fd\u4e0d\u65f6\u66f4\u65b0\u672c\u9690\u79c1\u653f\u7b56\u3002\u66f4\u65b0\u5185\u5bb9\u5c06\u53d1\u5e03\u4e8e\u6b64\u9875\u9762\uff0c\u5e76\u9644\u4e0a\u4fee\u8ba2\u540e\u7684\u201c\u751f\u6548\u65e5\u671f\u201d\u3002<\/p><h2><b>12. \u8054\u7cfb\u65b9\u5f0f<\/b><\/h2><p class=\"p1\">\u5982\u6709\u4efb\u4f55\u7591\u95ee\u6216\u5e0c\u671b\u884c\u4f7f\u60a8\u7684\u6570\u636e\u4fdd\u62a4\u6743\u5229\uff0c\u8bf7\u8054\u7cfb\uff1a<\/p><p class=\"p4\"><b>Kreatifart \u2013 Can Demirel<\/b><b><\/b><\/p><p class=\"p1\">Halaskargazi Cd. No: 38-66, 34371 Lotus Ni\u015fanta\u015f\u0131 \u015ei\u015fli \/ \u4f0a\u65af\u5766\u5e03\u5c14\uff0c\u571f\u8033\u5176<\/p><p class=\"p1\">\u7535\u5b50\u90ae\u4ef6\uff1a<a href=\"mailto:info@langoai.co\">info@langoai.co<\/a><\/p>\t\t\t\t\t\t\t\t<\/div>\n\t\t\t\t<\/div>\n\t\t\t\t\t<\/div>\n\t\t\t\t<\/div>\n\t\t\t\t<\/div>\n\t\t","protected":false},"excerpt":{"rendered":"<p>Effective Date: 19.09.2015 1. Introduction This Privacy Policy explains how Kreatifart \u2013 Can Demirel (\u201cLangoAI\u201d, \u201cwe\u201d, \u201cour\u201d, \u201cus\u201d) collects, uses, stores, and protects personal data when you access our website www.langoai.co, use our services, or interact with us. We are committed to protecting your privacy and ensuring that your personal data is processed in compliance&hellip;&nbsp;<a href=\"https:\/\/www.langoai.co\/zh-hans\/%e9%9a%90%e7%a7%81%e6%94%bf%e7%ad%96\/\" rel=\"bookmark\"><span class=\"screen-reader-text\">\u9690\u79c1\u653f\u7b56<\/span><\/a><\/p>\n","protected":false},"author":1,"featured_media":0,"parent":0,"menu_order":0,"comment_status":"closed","ping_status":"closed","template":"elementor_header_footer","meta":{"neve_meta_sidebar":"","neve_meta_container":"","neve_meta_enable_content_width":"","neve_meta_content_width":0,"neve_meta_title_alignment":"","neve_meta_author_avatar":"","neve_post_elements_order":"","neve_meta_disable_header":"","neve_meta_disable_footer":"","neve_meta_disable_title":"","footnotes":""},"class_list":["post-4733","page","type-page","status-publish","hentry"],"langoai_translations":{"en":{"element_id":"325","object_id":"325","language_code":"en","element_type":"post"},"es":{"element_id":"4675","object_id":"4675","language_code":"es","element_type":"post"},"tr":{"element_id":"4717","object_id":"4717","language_code":"tr","element_type":"post"},"zh-hans":{"element_id":"4733","object_id":"4733","language_code":"zh-hans","element_type":"post"}},"langoai_language":"zh-hans","_links":{"self":[{"href":"https:\/\/www.langoai.co\/zh-hans\/wp-json\/wp\/v2\/pages\/4733","targetHints":{"allow":["GET"]}}],"collection":[{"href":"https:\/\/www.langoai.co\/zh-hans\/wp-json\/wp\/v2\/pages"}],"about":[{"href":"https:\/\/www.langoai.co\/zh-hans\/wp-json\/wp\/v2\/types\/page"}],"author":[{"embeddable":true,"href":"https:\/\/www.langoai.co\/zh-hans\/wp-json\/wp\/v2\/users\/1"}],"replies":[{"embeddable":true,"href":"https:\/\/www.langoai.co\/zh-hans\/wp-json\/wp\/v2\/comments?post=4733"}],"version-history":[{"count":1,"href":"https:\/\/www.langoai.co\/zh-hans\/wp-json\/wp\/v2\/pages\/4733\/revisions"}],"predecessor-version":[{"id":4734,"href":"https:\/\/www.langoai.co\/zh-hans\/wp-json\/wp\/v2\/pages\/4733\/revisions\/4734"}],"wp:attachment":[{"href":"https:\/\/www.langoai.co\/zh-hans\/wp-json\/wp\/v2\/media?parent=4733"}],"curies":[{"name":"wp","href":"https:\/\/api.w.org\/{rel}","templated":true}]}}