{"id":4732,"date":"2026-01-14T20:35:53","date_gmt":"2026-01-14T20:35:53","guid":{"rendered":"https:\/\/www.langoai.co\/%e9%80%80%e6%ac%be%e6%94%bf%e7%ad%96\/"},"modified":"2026-01-14T20:35:53","modified_gmt":"2026-01-14T20:35:53","slug":"%e9%80%80%e6%ac%be%e6%94%bf%e7%ad%96","status":"publish","type":"page","link":"https:\/\/www.langoai.co\/zh-hans\/%e9%80%80%e6%ac%be%e6%94%bf%e7%ad%96\/","title":{"rendered":"\u9000\u6b3e\u653f\u7b56"},"content":{"rendered":"\t\t<div data-elementor-type=\"wp-page\" data-elementor-id=\"4732\" class=\"elementor elementor-4732\" data-elementor-post-type=\"page\">\n\t\t\t\t<div class=\"elementor-element elementor-element-f332813 e-flex e-con-boxed e-con e-parent\" data-id=\"f332813\" data-element_type=\"container\">\n\t\t\t\t\t<div class=\"e-con-inner\">\n\t\t\t\t<div class=\"elementor-element elementor-element-913e6d8 elementor-widget elementor-widget-text-editor\" data-id=\"913e6d8\" data-element_type=\"widget\" data-widget_type=\"text-editor.default\">\n\t\t\t\t<div class=\"elementor-widget-container\">\n\t\t\t\t\t\t\t\t\t<p class=\"p1\" style=\"text-align: right;\"><b>\u751f\u6548\u65e5\u671f\uff1a<\/b><span class=\"s1\"> 2025\u5e749\u670819\u65e5<\/span><\/p><h3><b>1. \u5b9a\u4e49<\/b><\/h3><ul><li><p class=\"p1\"><span class=\"s1\"><b>\u201c\u6570\u5b57\u5185\u5bb9\u201d<\/b><\/span> \u6307\u7531 LangoAI \u63d0\u4f9b\u7684\u8f6f\u4ef6\u63d2\u4ef6\uff08\u5305\u62ec WordPress \u63d2\u4ef6\uff09\u3001\u8bb8\u53ef\u5bc6\u94a5\u3001\u53ef\u4e0b\u8f7d\u6587\u4ef6\u53ca\u4efb\u4f55\u76f8\u5173\u6570\u5b57\u6750\u6599\u3002<\/p><\/li><li><p class=\"p1\"><span class=\"s1\"><b>\u201c\u6fc0\u6d3b\u201d<\/b><\/span> \u6307\u90e8\u7f72\u6216\u542f\u7528\u8bb8\u53ef\u5bc6\u94a5\u4ee5\u4fbf\u6570\u5b57\u5185\u5bb9\u53ef\u88ab\u4f7f\u7528\u7684\u884c\u4e3a\u3002<\/p><\/li><\/ul><h3><b>2. \u4ea4\u4ed8<\/b><\/h3><ul><li><p class=\"p1\">\u4e00\u65e6\u60a8\u7684\u4ed8\u6b3e\u786e\u8ba4\uff0c\u60a8\u5c06\u7acb\u5373\u5728\u60a8\u7684 LangoAI \u8d26\u6237\u53ca\u6ce8\u518c\u90ae\u7bb1\u4e2d\u6536\u5230\u4e0b\u8f7d\u94fe\u63a5\u548c\u8bb8\u53ef\u5bc6\u94a5\u3002<\/p><\/li><li><p class=\"p1\">\u7535\u5b50\u7a0e\u52a1\u53d1\u7968\u5c06\u81ea\u52a8\u5f00\u5177\u3002<\/p><\/li><\/ul><h3><b>3. \u64a4\u9500\u6743\u4e0e\u9000\u6b3e<\/b><\/h3><h4><b>3.1 \u571f\u8033\u5176<\/b><\/h4><ul><li><p class=\"p1\">\u6839\u636e\u571f\u8033\u5176\u8fdc\u7a0b\u5408\u540c\u6761\u4f8b\uff0c\u6d88\u8d39\u8005\u4eab\u6709\u81ea\u5408\u540c\u6210\u7acb\u65e5\u8d77<span class=\"s1\"><b>14\u5929\u64a4\u9500\u671f<\/b><\/span>\u3002<\/p><\/li><li><p class=\"p1\">\u5982\u679c\u60a8\u660e\u786e\u540c\u610f\u572814\u5929\u671f\u9650\u5c4a\u6ee1\u524d\u7acb\u5373\u63d0\u4f9b\u6570\u5b57\u5185\u5bb9\uff08\u5373\u8bb8\u53ef\u5bc6\u94a5\u6fc0\u6d3b\uff09\uff0c\u5219\u64a4\u9500\u6743<span class=\"s1\"><b>\u4e0d\u9002\u7528<\/b><\/span>\u3002<\/p><\/li><li><p class=\"p1\">\u5982\u679c\u8bb8\u53ef\u5c1a\u672a<i>\u6fc0\u6d3b<\/i>\uff0c\u60a8\u6709\u6743\u83b7\u5f97\u5168\u989d\u9000\u6b3e\u3002<\/p><\/li><\/ul><h4><b>3.2 \u6b27\u76df\/\u6b27\u6d32\u7ecf\u6d4e\u533a<\/b><\/h4><ul><li><p class=\"p1\">\u6839\u636e\u6b27\u76df\u6307\u4ee42011\/83\/EU\u548c\u6307\u4ee42024\/825\uff0c\u81ea\u5408\u540c\u6210\u7acb\u65e5\u8d77\u9002\u7528<span class=\"s1\"><b>14\u5929\u51b7\u9759\u671f<\/b><\/span>\u3002<\/p><\/li><li><p class=\"p1\">\u5982\u679c\u60a8\u660e\u786e\u8bf7\u6c42\u7acb\u5373\u4e0b\u8f7d\/\u6fc0\u6d3b\u5185\u5bb9\uff08\u901a\u8fc7\u52fe\u9009\u540c\u610f\u6846\u6216\u540c\u7b49\u65b9\u5f0f\uff09\uff0c\u4e00\u65e6\u4e0b\u8f7d\/\u6fc0\u6d3b\u5f00\u59cb\uff0c\u60a8\u53ef\u80fd\u653e\u5f03\u6b64\u6743\u5229\u3002<\/p><\/li><li><p class=\"p1\">\u5982\u679c\u5c1a\u672a\u6fc0\u6d3b\uff0c\u4e14\u60a8\u5728\u51b7\u9759\u671f\u5185\u53d6\u6d88\uff0c\u60a8\u6709\u6743\u83b7\u5f97\u5168\u989d\u9000\u6b3e\u3002<\/p><\/li><\/ul><h4><b>3.3 \u5176\u4ed6\u5730\u533a<\/b><\/h4><ul><li><p class=\"p1\">\u6211\u4eec\u5728\u8d2d\u4e70\u540e<span class=\"s1\"><b>14\u5929\u5185<\/b><\/span>\u63d0\u4f9b\u5584\u610f\u9000\u6b3e\uff0c\u524d\u63d0\u662f\u8bb8\u53ef\u5bc6\u94a5<span class=\"s1\"><b>\u672a<\/b><\/span>\u6fc0\u6d3b\u3002<\/p><\/li><li><p class=\"p1\">\u6fc0\u6d3b\u540e\uff0c\u201c\u5176\u4ed6\u5730\u533a\u201d\u7684\u9000\u6b3e\u7531 LangoAI \u81ea\u884c\u51b3\u5b9a\u5e76\u9700\u5ba1\u6838\u3002<\/p><\/li><\/ul><h3><b>4. \u6709\u7f3a\u9677\u6216\u65e0\u6cd5\u4f7f\u7528\u7684\u4ea7\u54c1<\/b><\/h3><ul><li><p class=\"p1\">\u5982\u679c\u63d2\u4ef6\u65e0\u6cd5\u5b89\u88c5\u6216\u65e0\u6cd5\u6309\u6587\u6863\u63cf\u8ff0\u8fd0\u884c\uff0c\u8bf7\u7acb\u5373\u8054\u7cfb\u652f\u6301\u90ae\u7bb1 <span class=\"s1\"><b>support@langoai.co<\/b><\/span>\u3002<\/p><\/li><li><p class=\"p1\">\u6211\u4eec\u5c06\u63d0\u4f9b\u5408\u7406\u534f\u52a9\uff08\u5982\u4fee\u590d\u6f0f\u6d1e\u3001\u66f4\u65b0\u3001\u6307\u5bfc\uff09\u3002<\/p><\/li><li><p class=\"p1\">\u5982\u679c\u95ee\u9898\u5728<span class=\"s1\"><b>[\u4f8b\u59827\u4e2a\u5de5\u4f5c\u65e5]<\/b><\/span>\u5185\u65e0\u6cd5\u89e3\u51b3\uff0c\u60a8\u6709\u6743\u83b7\u5f97\u5168\u989d\u9000\u6b3e\u3002<\/p><\/li><\/ul><h3><b>5. \u5982\u4f55\u7533\u8bf7\u9000\u6b3e<\/b><\/h3><p class=\"p4\">\u7533\u8bf7\u9000\u6b3e\uff0c\u60a8\u5fc5\u987b\uff1a<\/p><ol start=\"1\"><li><p class=\"p1\">\u901a\u8fc7\u53d1\u9001\u90ae\u4ef6\u81f3 <span class=\"s1\"><b>info@langoai.co<\/b><\/span>\uff08\u6216 support@langoai.co\uff09\uff0c\u63d0\u4f9b\u60a8\u7684<span class=\"s1\"><b>\u8ba2\u5355\u53f7<\/b><\/span>\u548c\u9000\u6b3e\u7406\u7531\uff0c\u4e14\u987b\u5728\u9002\u7528\u9000\u6b3e\u671f\u9650<span class=\"s1\"><b>\u5185<\/b><\/span>\u8054\u7cfb\u3002<\/p><\/li><li><p class=\"p1\">\u6211\u4eec\u5c06\u5728<span class=\"s1\"><b>[\u4f8b\u59823\u4e2a\u5de5\u4f5c\u65e5]<\/b><\/span>\u5185\u5ba1\u6838\u60a8\u7684\u8bf7\u6c42\u5e76\u544a\u77e5\u662f\u5426\u7b26\u5408\u6761\u4ef6\u3002<\/p><\/li><li><p class=\"p1\">\u82e5\u83b7\u6279\u51c6\uff0c\u4ed8\u6b3e\u5c06\u5728\u6279\u51c6\u540e<span class=\"s1\"><b>14\u4e2a\u65e5\u5386\u65e5<\/b><\/span>\u5185\u9000\u56de\u539f\u652f\u4ed8\u65b9\u5f0f\u3002<\/p><\/li><\/ol><h3><b>6. \u9650\u5236\u4e0e\u4f8b\u5916<\/b><\/h3><ul><li><p class=\"p1\">\u5df2\u6fc0\u6d3b\u8bb8\u53ef\uff08\u6216\u7528\u6237\u660e\u786e\u540c\u610f\u7acb\u5373\u5f00\u59cb\u6fc0\u6d3b\u7684\u60c5\u51b5\uff09\u4e0d\u4e88\u9000\u6b3e\uff0c\u9664\u975e\u4ea7\u54c1\u6709\u65e0\u6cd5\u4fee\u590d\u7684\u7f3a\u9677\u3002<\/p><\/li><li><p class=\"p1\">\u67d0\u4e9b\u60c5\u51b5\u4e0b\u53ef\u80fd\u65e0\u6cd5\u63d0\u4f9b\u90e8\u5206\u9000\u6b3e\uff08\u4f8b\u5982\u60a8\u5df2\u5927\u91cf\u4f7f\u7528\u4ea7\u54c1\uff09\u3002<\/p><\/li><li><p class=\"p1\">\u7b2c\u4e09\u65b9\u4e0d\u53ef\u9000\u8fd8\u7684\u7a0e\u8d39\u6216\u5176\u4ed6\u8d39\u7528\u4ecd\u53d7\u7b2c\u4e09\u65b9\u653f\u7b56\u7ea6\u675f\u3002<\/p><\/li><\/ul><h3><b>7. \u9002\u7528\u6cd5\u5f8b<\/b><\/h3><ul><li><p class=\"p1\">\u672c\u653f\u7b56\u53d7\u571f\u8033\u5176\u5171\u548c\u56fd\u6cd5\u5f8b\u7ba1\u8f96\u3002<\/p><\/li><li><p class=\"p1\">\u60a8\u5c45\u4f4f\u56fd\u7684\u5f3a\u5236\u6027\u6d88\u8d39\u8005\u4fdd\u62a4\u6cd5\u5f8b\u4ecd\u9002\u7528\uff0c\u672c\u653f\u7b56\u4efb\u4f55\u90e8\u5206\u5747\u4e0d\u653e\u5f03\u8be5\u7b49\u6cd5\u5f8b\u6743\u5229\u3002<\/p><\/li><\/ul><h3><b>8. \u653f\u7b56\u53d8\u66f4<\/b><\/h3><ul><li><p class=\"p1\">\u6211\u4eec\u4fdd\u7559\u968f\u65f6\u4fee\u6539\u672c\u9000\u6b3e\u653f\u7b56\u7684\u6743\u5229\u3002<\/p><\/li><li><p class=\"p1\">\u5982\u6709\u91cd\u5927\u53d8\u66f4\uff0c\u6211\u4eec\u5c06\u5728\u53d8\u66f4\u751f\u6548\u524d\u81f3\u5c11<span class=\"s1\"><b>30\u5929<\/b><\/span>\u901a\u8fc7\u7535\u5b50\u90ae\u4ef6\u548c\/\u6216\u7f51\u7ad9\u516c\u544a\u901a\u77e5\u60a8\u3002<\/p><\/li><li><p class=\"p1\">\u53d8\u66f4\u751f\u6548\u540e\u7ee7\u7eed\u4f7f\u7528\/\u8d2d\u4e70\u5373\u8868\u793a\u60a8\u63a5\u53d7\u4fee\u8ba2\u540e\u7684\u653f\u7b56\u3002<\/p><\/li><\/ul><h3><b>9. \u8054\u7cfb\u65b9\u5f0f<\/b><\/h3><p class=\"p4\">\u5982\u5bf9\u9000\u6b3e\u653f\u7b56\u6709\u4efb\u4f55\u7591\u95ee\u6216\u60f3\u63d0\u4ea4\u9000\u6b3e\u7533\u8bf7\uff0c\u8bf7\u8054\u7cfb\uff1a<\/p><p class=\"p1\"><b>Kreatifart \u2013 Can Demirel<\/b><b><\/b><\/p><p class=\"p4\">Halaskargazi Cd. No: 38-66, 34371 Lotus Ni\u015fanta\u015f\u0131 \u015ei\u015fli \/ \u0130stanbul, T\u00fcrkiye<\/p><p class=\"p1\"><span class=\"s1\">\u90ae\u7bb1\uff1a<\/span><b>info@langoai.co<\/b><\/p>\t\t\t\t\t\t\t\t<\/div>\n\t\t\t\t<\/div>\n\t\t\t\t\t<\/div>\n\t\t\t\t<\/div>\n\t\t\t\t<\/div>\n\t\t","protected":false},"excerpt":{"rendered":"<p>Effective Date: 19.09.2025 1. Definitions \u201cDigital Content\u201d means the software plugin (including the WordPress plugin), licence key, downloadable files, and any related digital materials supplied by LangoAI. \u201cActivation\u201d means the action of deploying or enabling the licence key so that the Digital Content can be used. 2. Delivery Once your payment is confirmed, you will&hellip;&nbsp;<a href=\"https:\/\/www.langoai.co\/zh-hans\/%e9%80%80%e6%ac%be%e6%94%bf%e7%ad%96\/\" rel=\"bookmark\"><span class=\"screen-reader-text\">\u9000\u6b3e\u653f\u7b56<\/span><\/a><\/p>\n","protected":false},"author":1,"featured_media":0,"parent":0,"menu_order":0,"comment_status":"closed","ping_status":"closed","template":"elementor_header_footer","meta":{"neve_meta_sidebar":"","neve_meta_container":"","neve_meta_enable_content_width":"","neve_meta_content_width":0,"neve_meta_title_alignment":"","neve_meta_author_avatar":"","neve_post_elements_order":"","neve_meta_disable_header":"","neve_meta_disable_footer":"","neve_meta_disable_title":"","footnotes":""},"class_list":["post-4732","page","type-page","status-publish","hentry"],"langoai_translations":{"en":{"element_id":"327","object_id":"327","language_code":"en","element_type":"post"},"es":{"element_id":"4674","object_id":"4674","language_code":"es","element_type":"post"},"tr":{"element_id":"4716","object_id":"4716","language_code":"tr","element_type":"post"},"zh-hans":{"element_id":"4732","object_id":"4732","language_code":"zh-hans","element_type":"post"}},"langoai_language":"zh-hans","_links":{"self":[{"href":"https:\/\/www.langoai.co\/zh-hans\/wp-json\/wp\/v2\/pages\/4732","targetHints":{"allow":["GET"]}}],"collection":[{"href":"https:\/\/www.langoai.co\/zh-hans\/wp-json\/wp\/v2\/pages"}],"about":[{"href":"https:\/\/www.langoai.co\/zh-hans\/wp-json\/wp\/v2\/types\/page"}],"author":[{"embeddable":true,"href":"https:\/\/www.langoai.co\/zh-hans\/wp-json\/wp\/v2\/users\/1"}],"replies":[{"embeddable":true,"href":"https:\/\/www.langoai.co\/zh-hans\/wp-json\/wp\/v2\/comments?post=4732"}],"version-history":[{"count":0,"href":"https:\/\/www.langoai.co\/zh-hans\/wp-json\/wp\/v2\/pages\/4732\/revisions"}],"wp:attachment":[{"href":"https:\/\/www.langoai.co\/zh-hans\/wp-json\/wp\/v2\/media?parent=4732"}],"curies":[{"name":"wp","href":"https:\/\/api.w.org\/{rel}","templated":true}]}}