{"id":4716,"date":"2026-01-14T20:22:18","date_gmt":"2026-01-14T20:22:18","guid":{"rendered":"https:\/\/www.langoai.co\/iade-politikasi\/"},"modified":"2026-01-14T20:22:18","modified_gmt":"2026-01-14T20:22:18","slug":"iade-politikasi","status":"publish","type":"page","link":"https:\/\/www.langoai.co\/tr\/iade-politikasi\/","title":{"rendered":"\u0130ade Politikas\u0131"},"content":{"rendered":"\t\t<div data-elementor-type=\"wp-page\" data-elementor-id=\"4716\" class=\"elementor elementor-4716\" data-elementor-post-type=\"page\">\n\t\t\t\t<div class=\"elementor-element elementor-element-f332813 e-flex e-con-boxed e-con e-parent\" data-id=\"f332813\" data-element_type=\"container\">\n\t\t\t\t\t<div class=\"e-con-inner\">\n\t\t\t\t<div class=\"elementor-element elementor-element-913e6d8 elementor-widget elementor-widget-text-editor\" data-id=\"913e6d8\" data-element_type=\"widget\" data-widget_type=\"text-editor.default\">\n\t\t\t\t<div class=\"elementor-widget-container\">\n\t\t\t\t\t\t\t\t\t<p class=\"p1\" style=\"text-align: right;\"><b>Y\u00fcr\u00fcrl\u00fck Tarihi:<\/b><span class=\"s1\"> 19.09.2025<\/span><\/p><h3><b>1. Tan\u0131mlar<\/b><\/h3><ul><li><p class=\"p1\"><span class=\"s1\"><b>\u201cDijital \u0130\u00e7erik\u201d<\/b><\/span>, LangoAI taraf\u0131ndan sa\u011flanan yaz\u0131l\u0131m eklentisi (WordPress eklentisi dahil), lisans anahtar\u0131, indirilebilir dosyalar ve ilgili dijital materyalleri ifade eder.<\/p><\/li><li><p class=\"p1\"><span class=\"s1\"><b>\u201cAktivasyon\u201d<\/b><\/span>, Dijital \u0130\u00e7eri\u011fin kullan\u0131labilmesi i\u00e7in lisans anahtar\u0131n\u0131n etkinle\u015ftirilmesi veya devreye al\u0131nmas\u0131 i\u015flemidir.<\/p><\/li><\/ul><h3><b>2. Teslimat<\/b><\/h3><ul><li><p class=\"p1\">\u00d6demeniz onayland\u0131ktan sonra, LangoAI hesab\u0131n\u0131zda ve kay\u0131tl\u0131 e-posta adresinize hemen bir indirme linki ve lisans anahtar\u0131 g\u00f6nderilecektir.<\/p><\/li><li><p class=\"p1\">Elektronik bir fatura otomatik olarak d\u00fczenlenecektir.<\/p><\/li><\/ul><h3><b>3. Cayma Hakk\u0131 ve \u0130adeler<\/b><\/h3><h4><b>3.1 T\u00fcrkiye<\/b><\/h4><ul><li><p class=\"p1\">T\u00fcrk Mesafeli Sat\u0131\u015f Y\u00f6netmeli\u011fi uyar\u0131nca, t\u00fcketicilerin s\u00f6zle\u015fmenin kurulmas\u0131ndan itibaren <span class=\"s1\"><b>14 g\u00fcnl\u00fck cayma hakk\u0131<\/b><\/span> vard\u0131r.<\/p><\/li><li><p class=\"p1\">E\u011fer 14 g\u00fcnl\u00fck s\u00fcre dolmadan dijital i\u00e7eri\u011fin hemen sa\u011flanmas\u0131na (\u00f6rne\u011fin lisans anahtar\u0131 aktivasyonu) a\u00e7\u0131k\u00e7a onay verdiyseniz, cayma hakk\u0131 <span class=\"s1\"><b>uygulanmaz<\/b><\/span>.<\/p><\/li><li><p class=\"p1\">Lisans <i>aktif edilmemi\u015fse<\/i>, tam iade hakk\u0131n\u0131z vard\u0131r.<\/p><\/li><\/ul><h4><b>3.2 AB \/ AEA<\/b><\/h4><ul><li><p class=\"p1\">AB Direktifi 2011\/83\/EU ve Direktif 2024\/825 kapsam\u0131nda, s\u00f6zle\u015fmenin kurulmas\u0131ndan itibaren <span class=\"s1\"><b>14 g\u00fcnl\u00fck cayma s\u00fcresi<\/b><\/span> ge\u00e7erlidir.<\/p><\/li><li><p class=\"p1\">\u0130\u00e7eri\u011fin hemen indirilmesini \/ aktivasyonunu a\u00e7\u0131k\u00e7a talep ederseniz (onay kutusunu i\u015faretleyerek veya e\u015fde\u011feri), indirme\/aktivasyon ba\u015flad\u0131ktan sonra bu haktan vazge\u00e7mi\u015f olursunuz.<\/p><\/li><li><p class=\"p1\">E\u011fer aktivasyon hen\u00fcz ger\u00e7ekle\u015fmemi\u015fse ve cayma s\u00fcresi i\u00e7inde iptal ederseniz, tam iade hakk\u0131n\u0131z vard\u0131r.<\/p><\/li><\/ul><h4><b>3.3 D\u00fcnya Genelinde<\/b><\/h4><ul><li><p class=\"p1\">Lisans anahtar\u0131 <span class=\"s1\"><b>aktif edilmemi\u015fse<\/b><\/span>, sat\u0131n alma tarihinden itibaren <span class=\"s1\"><b>14 g\u00fcn i\u00e7inde<\/b><\/span> iyi niyet iadesi sunuyoruz.<\/p><\/li><li><p class=\"p1\">Aktivasyondan sonra, d\u00fcnya genelindeki iadeler LangoAI\u2019nin takdirindedir ve incelemeye tabidir.<\/p><\/li><\/ul><h3><b>4. Ar\u0131zal\u0131 veya \u00c7al\u0131\u015fmayan \u00dcr\u00fcn<\/b><\/h3><ul><li><p class=\"p1\">Eklenti kurulamazsa veya dok\u00fcmantasyonda belirtildi\u011fi gibi \u00e7al\u0131\u015fmazsa, derhal <span class=\"s1\"><b>support@langoai.co<\/b><\/span> adresinden destek ekibimizle ileti\u015fime ge\u00e7in.<\/p><\/li><li><p class=\"p1\">Mak\u00fbl destek sa\u011flayaca\u011f\u0131z (\u00f6rne\u011fin hata d\u00fczeltmeleri, g\u00fcncellemeler, rehberlik).<\/p><\/li><li><p class=\"p1\">Sorun <span class=\"s1\"><b>[\u00f6rne\u011fin 7 i\u015f g\u00fcn\u00fc]<\/b><\/span> i\u00e7inde \u00e7\u00f6z\u00fclemezse, tam iade hakk\u0131n\u0131z vard\u0131r.<\/p><\/li><\/ul><h3><b>5. \u0130ade Talebi Nas\u0131l Yap\u0131l\u0131r<\/b><\/h3><p class=\"p4\">\u0130ade talebinde bulunmak i\u00e7in:<\/p><ol start=\"1\"><li><p class=\"p1\"><span class=\"s1\"><b>\u0130ade s\u00fcresi i\u00e7inde<\/b><\/span>, <span class=\"s1\"><b>sipari\u015f numaran\u0131z<\/b><\/span> ve iade sebebinizle birlikte <span class=\"s1\"><b>info@langoai.co<\/b><\/span> (veya support@langoai.co) adresine e-posta g\u00f6nderin.<\/p><\/li><li><p class=\"p1\">Talebiniz incelenecek ve uygunluk <span class=\"s1\"><b>[\u00f6rne\u011fin 3 i\u015f g\u00fcn\u00fc]<\/b><\/span> i\u00e7inde bildirilecektir.<\/p><\/li><li><p class=\"p1\">Onaylan\u0131rsa, \u00f6deme onaydan itibaren <span class=\"s1\"><b>14 takvim g\u00fcn\u00fc<\/b><\/span> i\u00e7inde orijinal \u00f6deme y\u00f6ntemine iade edilir.<\/p><\/li><\/ol><h3><b>6. S\u0131n\u0131rlamalar ve \u0130stisnalar<\/b><\/h3><ul><li><p class=\"p1\">Aktif edilmi\u015f lisanslar i\u00e7in (veya kullan\u0131c\u0131 a\u00e7\u0131k\u00e7a hemen ba\u015flama onay\u0131 verdiyse aktivasyondan sonra) iade yap\u0131lmaz, ar\u0131zal\u0131 ve d\u00fczeltilemeyen \u00fcr\u00fcnler hari\u00e7.<\/p><\/li><li><p class=\"p1\">\u00dcr\u00fcn\u00fc \u00f6nemli \u00f6l\u00e7\u00fcde kulland\u0131ysan\u0131z, k\u0131smi iade m\u00fcmk\u00fcn olmayabilir.<\/p><\/li><li><p class=\"p1\">\u00dc\u00e7\u00fcnc\u00fc taraflar\u0131n iade edilmeyen vergileri, \u00fccretleri veya di\u011fer masraflar\u0131 \u00fc\u00e7\u00fcnc\u00fc taraf politikalar\u0131na tabidir.<\/p><\/li><\/ul><h3><b>7. Ge\u00e7erli Hukuk<\/b><\/h3><ul><li><p class=\"p1\">Bu politika T\u00fcrkiye Cumhuriyeti yasalar\u0131na tabidir.<\/p><\/li><li><p class=\"p1\">\u0130kamet etti\u011finiz \u00fclkenin zorunlu t\u00fcketici koruma yasalar\u0131 ge\u00e7erlidir ve bu politika ile feragat edilmez.<\/p><\/li><\/ul><h3><b>8. Politika De\u011fi\u015fiklikleri<\/b><\/h3><ul><li><p class=\"p1\">\u0130ade Politikas\u0131n\u0131 istedi\u011fimiz zaman de\u011fi\u015ftirme hakk\u0131m\u0131z sakl\u0131d\u0131r.<\/p><\/li><li><p class=\"p1\">\u00d6nemli de\u011fi\u015fikliklerde, de\u011fi\u015fikliklerin y\u00fcr\u00fcrl\u00fc\u011fe girmesinden en az <span class=\"s1\"><b>30 g\u00fcn<\/b><\/span> \u00f6nce e-posta ve\/veya web sitesinde bildirim yap\u0131lacakt\u0131r.<\/p><\/li><li><p class=\"p1\">De\u011fi\u015fikliklerin y\u00fcr\u00fcrl\u00fck tarihinden sonra devam eden kullan\u0131m \/ sat\u0131n al\u0131mlar, revize politikay\u0131 kabul etti\u011finiz anlam\u0131na gelir.<\/p><\/li><\/ul><h3><b>9. \u0130leti\u015fim<\/b><\/h3><p class=\"p4\">\u0130ade politikalar\u0131 hakk\u0131nda sorular\u0131n\u0131z varsa veya iade talebi yapmak istiyorsan\u0131z, l\u00fctfen ileti\u015fime ge\u00e7in:<\/p><p class=\"p1\"><b>Kreatifart \u2013 Can Demirel<\/b><b><\/b><\/p><p class=\"p4\">Halaskargazi Cd. No: 38-66, 34371 Lotus Ni\u015fanta\u015f\u0131 \u015ei\u015fli \/ \u0130stanbul, T\u00fcrkiye<\/p><p class=\"p1\"><span class=\"s1\">E-posta: <\/span><b>info@langoai.co<\/b><\/p>\t\t\t\t\t\t\t\t<\/div>\n\t\t\t\t<\/div>\n\t\t\t\t\t<\/div>\n\t\t\t\t<\/div>\n\t\t\t\t<\/div>\n\t\t","protected":false},"excerpt":{"rendered":"<p>Effective Date: 19.09.2025 1. Definitions \u201cDigital Content\u201d means the software plugin (including the WordPress plugin), licence key, downloadable files, and any related digital materials supplied by LangoAI. \u201cActivation\u201d means the action of deploying or enabling the licence key so that the Digital Content can be used. 2. Delivery Once your payment is confirmed, you will&hellip;&nbsp;<a href=\"https:\/\/www.langoai.co\/tr\/iade-politikasi\/\" rel=\"bookmark\"><span class=\"screen-reader-text\">\u0130ade Politikas\u0131<\/span><\/a><\/p>\n","protected":false},"author":1,"featured_media":0,"parent":0,"menu_order":0,"comment_status":"closed","ping_status":"closed","template":"elementor_header_footer","meta":{"neve_meta_sidebar":"","neve_meta_container":"","neve_meta_enable_content_width":"","neve_meta_content_width":0,"neve_meta_title_alignment":"","neve_meta_author_avatar":"","neve_post_elements_order":"","neve_meta_disable_header":"","neve_meta_disable_footer":"","neve_meta_disable_title":"","footnotes":""},"class_list":["post-4716","page","type-page","status-publish","hentry"],"langoai_translations":{"en":{"element_id":"327","object_id":"327","language_code":"en","element_type":"post"},"es":{"element_id":"4674","object_id":"4674","language_code":"es","element_type":"post"},"tr":{"element_id":"4716","object_id":"4716","language_code":"tr","element_type":"post"},"zh-hans":{"element_id":"4732","object_id":"4732","language_code":"zh-hans","element_type":"post"}},"langoai_language":"tr","_links":{"self":[{"href":"https:\/\/www.langoai.co\/tr\/wp-json\/wp\/v2\/pages\/4716","targetHints":{"allow":["GET"]}}],"collection":[{"href":"https:\/\/www.langoai.co\/tr\/wp-json\/wp\/v2\/pages"}],"about":[{"href":"https:\/\/www.langoai.co\/tr\/wp-json\/wp\/v2\/types\/page"}],"author":[{"embeddable":true,"href":"https:\/\/www.langoai.co\/tr\/wp-json\/wp\/v2\/users\/1"}],"replies":[{"embeddable":true,"href":"https:\/\/www.langoai.co\/tr\/wp-json\/wp\/v2\/comments?post=4716"}],"version-history":[{"count":0,"href":"https:\/\/www.langoai.co\/tr\/wp-json\/wp\/v2\/pages\/4716\/revisions"}],"wp:attachment":[{"href":"https:\/\/www.langoai.co\/tr\/wp-json\/wp\/v2\/media?parent=4716"}],"curies":[{"name":"wp","href":"https:\/\/api.w.org\/{rel}","templated":true}]}}