{"id":4710,"date":"2026-01-14T20:18:20","date_gmt":"2026-01-14T20:18:20","guid":{"rendered":"https:\/\/www.langoai.co\/hizmet-sartlari\/"},"modified":"2026-01-14T20:18:20","modified_gmt":"2026-01-14T20:18:20","slug":"hizmet-sartlari","status":"publish","type":"page","link":"https:\/\/www.langoai.co\/tr\/hizmet-sartlari\/","title":{"rendered":"Hizmet \u015eartlar\u0131"},"content":{"rendered":"\t\t<div data-elementor-type=\"wp-page\" data-elementor-id=\"4710\" class=\"elementor elementor-4710\" data-elementor-post-type=\"page\">\n\t\t\t\t<div class=\"elementor-element elementor-element-d26e5f8 e-flex e-con-boxed e-con e-parent\" data-id=\"d26e5f8\" data-element_type=\"container\">\n\t\t\t\t\t<div class=\"e-con-inner\">\n\t\t\t\t<div class=\"elementor-element elementor-element-d50b58b elementor-widget elementor-widget-text-editor\" data-id=\"d50b58b\" data-element_type=\"widget\" data-widget_type=\"text-editor.default\">\n\t\t\t\t<div class=\"elementor-widget-container\">\n\t\t\t\t\t\t\t\t\t<p class=\"p1\" style=\"text-align: right;\"><b>Y\u00fcr\u00fcrl\u00fck Tarihi:<\/b><span class=\"s1\"> 19.09.2025<\/span><\/p><h3><b>1. Tan\u0131mlar<\/b><\/h3><p class=\"p4\">Bu \u015eartlarda a\u015fa\u011f\u0131daki tan\u0131mlar ge\u00e7erlidir:<\/p><ul><li><p class=\"p1\"><span class=\"s1\"><b>\u201cBiz\u201d, \u201cBize\u201d, \u201cBizim\u201d<\/b><\/span> LangoAI hizmetlerinin sa\u011flay\u0131c\u0131s\u0131 olan <span class=\"s1\"><b>Kreatifart \u2013 Can Demirel<\/b><\/span> anlam\u0131na gelir.<\/p><\/li><li><p class=\"p1\"><span class=\"s1\"><b>\u201cSiz\u201d, \u201cKullan\u0131c\u0131\u201d<\/b><\/span> LangoAI hizmetlerini kullanan veya eri\u015fen herhangi bir birey veya kurulu\u015f anlam\u0131na gelir.<\/p><\/li><li><p class=\"p1\"><span class=\"s1\"><b>\u201cHizmetler\u201d<\/b><\/span> LangoAI WordPress eklentisi ve \u00e7eviri, g\u00fcncellemeler, destek, entegrasyonlar dahil ancak bunlarla s\u0131n\u0131rl\u0131 olmayan ilgili hizmetler anlam\u0131na gelir.<\/p><\/li><li><p class=\"p1\"><span class=\"s1\"><b>\u201cAbonelik\u201d<\/b><\/span> Hizmetleri belirli \u015fartlar alt\u0131nda kullanman\u0131za izin veren \u00fccretli plan (ayl\u0131k veya y\u0131ll\u0131k) anlam\u0131na gelir.<\/p><\/li><li><p class=\"p1\"><span class=\"s1\"><b>\u201cKullan\u0131c\u0131 \u0130\u00e7eri\u011fi\u201d<\/b><\/span> Hizmetleri kullanarak y\u00fckledi\u011finiz, girdi\u011finiz veya olu\u015fturdu\u011funuz her t\u00fcrl\u00fc i\u00e7erik anlam\u0131na gelir.<\/p><\/li><li><p class=\"p1\"><span class=\"s1\"><b>\u201c\u00dc\u00e7\u00fcnc\u00fc Taraf Hizmetleri<\/b><\/span>\u201d LangoAI ile entegre edilen veya birlikte kullan\u0131lan ancak bize ait olmayan hizmetler, API\u2019ler, eklentiler vb. anlam\u0131na gelir.<\/p><\/li><\/ul><h3><b>2. \u015eartlar\u0131n Kabul\u00fc<\/b><\/h3><p class=\"p4\">Hizmetlere eri\u015ferek veya kullanarak, bu \u015eartlara ve ge\u00e7erli t\u00fcm yasa ve d\u00fczenlemelere ba\u011fl\u0131 kalmay\u0131 kabul etmi\u015f olursunuz. Bu \u015eartlar\u0131 kabul etmiyorsan\u0131z, Hizmetleri kullanmamal\u0131s\u0131n\u0131z.<\/p><h3><b>3. Lisans Verilmesi<\/b><\/h3><ul><li><p class=\"p1\">Size, bu \u015eartlara ve Aboneli\u011finize uygun olarak Hizmetleri kullanman\u0131z i\u00e7in <span class=\"s1\"><b>gayri m\u00fcnhas\u0131r, devredilemez, geri al\u0131nabilir bir lisans<\/b><\/span> veriyoruz.<\/p><\/li><li><p class=\"p1\">Bu lisans yaln\u0131zca dahili kullan\u0131m\u0131n\u0131z i\u00e7indir ve ge\u00e7erli Abonelik \u00fccretlerinin \u00f6denmesine tabidir.<\/p><\/li><\/ul><h3><b>4. K\u0131s\u0131tlamalar<\/b><\/h3><p class=\"p4\">A\u015fa\u011f\u0131dakileri yapmamay\u0131 kabul edersiniz:<\/p><ul><li><p class=\"p1\">Eklentiyi tersine m\u00fchendislik yapmak, decompile etmek veya par\u00e7alar\u0131na ay\u0131rmak;<\/p><\/li><li><p class=\"p1\">Lisans\u0131n\u0131z\u0131n izin verdi\u011fi durumlar d\u0131\u015f\u0131nda Hizmetleri de\u011fi\u015ftirmek, uyarlamak, \u00e7evirmek veya t\u00fcrev \u00e7al\u0131\u015fmalar olu\u015fturmak;<\/p><\/li><li><p class=\"p1\">Hizmetleri lisans haklar\u0131n\u0131z\u0131n \u00f6tesinde \u00fc\u00e7\u00fcnc\u00fc taraflara yeniden da\u011f\u0131tmak, yeniden satmak, alt lisans vermek veya eri\u015fim sa\u011flamak;<\/p><\/li><li><p class=\"p1\">Hizmetleri herhangi bir yasa d\u0131\u015f\u0131 ama\u00e7la veya ge\u00e7erli herhangi bir yasay\u0131 ihlal ederek kullanmak;<\/p><\/li><li><p class=\"p1\">Hizmetlere zarar verebilecek, devre d\u0131\u015f\u0131 b\u0131rakabilecek, a\u015f\u0131r\u0131 y\u00fckleyebilecek veya i\u015flevlerini bozabilecek \u015fekilde kullanmak.<\/p><\/li><\/ul><h3><b>5. Abonelikler, Faturaland\u0131rma, Yenilemeler<\/b><\/h3><ul><li><p class=\"p1\">Abonelikler, Kay\u0131tl\u0131 Sat\u0131c\u0131 olan Paddle \u00fczerinden ayl\u0131k veya y\u0131ll\u0131k olarak faturaland\u0131r\u0131l\u0131r.<\/p><\/li><li><p class=\"p1\">Abonelikler, yenileme tarihinden \u00f6nce iptal edilmedi\u011fi s\u00fcrece her fatura d\u00f6nemi sonunda otomatik olarak yenilenir.<\/p><\/li><li><p class=\"p1\">Fiyatlar\u0131 de\u011fi\u015ftirme hakk\u0131m\u0131z sakl\u0131d\u0131r, ancak fiyat art\u0131\u015flar\u0131ndan \u00f6nce (\u00f6rne\u011fin 30 g\u00fcn) size bildirimde bulunaca\u011f\u0131z.<\/p><\/li><\/ul><h3><b>6. \u0130adeler<\/b><\/h3><ul><li><p class=\"p1\">Hizmetleri bu \u015eartlar\u0131 ihlal etmeden kulland\u0131ysan\u0131z, <span class=\"s1\"><b>ilk \u00f6demenizden itibaren 7 g\u00fcn i\u00e7inde<\/b><\/span> iade talebinde bulunabilirsiniz.<\/p><\/li><li><p class=\"p1\">\u0130ade s\u00fcresi sona erdikten sonra veya sonraki fatura d\u00f6nemleri i\u00e7in yasal zorunluluklar d\u0131\u015f\u0131nda iade yap\u0131lmaz.<\/p><\/li><\/ul><h3><b>7. Fikri M\u00fclkiyet Haklar\u0131<\/b><\/h3><ul><li><p class=\"p1\">Hizmetler, eklenti, dok\u00fcmantasyon, ticari markalar vb. \u00fczerindeki t\u00fcm fikri m\u00fclkiyet haklar\u0131 <span class=\"s1\"><b>LangoAI \/ Kreatifart \u2013 Can Demirel<\/b><\/span>&#8216;e aittir.<\/p><\/li><li><p class=\"p1\">Sadece lisans\u0131n\u0131z kapsam\u0131nda Hizmetleri kullanma hakk\u0131n\u0131 elde edersiniz; m\u00fclkiyet bize aittir.<\/p><\/li><\/ul><h3><b>8. Kullan\u0131c\u0131 \u0130\u00e7eri\u011fi<\/b><\/h3><ul><li><p class=\"p1\">Hizmetleri kullanarak y\u00fckledi\u011finiz veya olu\u015fturdu\u011funuz i\u00e7eriklerin m\u00fclkiyeti size aittir.<\/p><\/li><li><p class=\"p1\">Hizmetleri sa\u011flamak i\u00e7in gerekli olan durumlarda (yedekleme, hata d\u00fczeltmeleri vb.) kullan\u0131c\u0131 i\u00e7eri\u011fini kullanmak, \u00e7o\u011faltmak, de\u011fi\u015ftirmek ve g\u00f6stermek i\u00e7in bize gayri m\u00fcnhas\u0131r, telifsiz bir lisans verirsiniz.<\/p><\/li><li><p class=\"p1\">\u0130\u00e7eri\u011fin belirtilen \u015fekilde kullan\u0131lmas\u0131na ili\u015fkin t\u00fcm haklara sahip oldu\u011funuzu ve \u00fc\u00e7\u00fcnc\u00fc taraf haklar\u0131n\u0131 ihlal etmedi\u011fini beyan ve garanti edersiniz.<\/p><\/li><\/ul><h3><b>9. Fesih<\/b><\/h3><ul><li><p class=\"p1\">Aboneli\u011finizi istedi\u011finiz zaman hesap panelinizden veya bizimle ileti\u015fime ge\u00e7erek iptal edebilirsiniz.<\/p><\/li><li><p class=\"p1\">Bu \u015eartlar\u0131 ihlal etmeniz durumunda Hizmetlere eri\u015fiminizi derhal ask\u0131ya alabilir veya sonland\u0131rabiliriz.<\/p><\/li><li><p class=\"p1\">Fesih halinde lisans\u0131n\u0131z sona erer. Yasal zorunluluklar d\u0131\u015f\u0131nda belirli bir s\u00fcre sonra Kullan\u0131c\u0131 \u0130\u00e7eri\u011finizi silebilir veya anonimle\u015ftirebiliriz.<\/p><\/li><\/ul><h3><b>10. Garanti Feragatnamesi ve Sorumlulu\u011fun S\u0131n\u0131rland\u0131r\u0131lmas\u0131<\/b><\/h3><ul><li><p class=\"p1\">Hizmetler \u201coldu\u011fu gibi\u201d ve \u201cmevcut oldu\u011fu \u015fekilde\u201d sunulur, a\u00e7\u0131k veya z\u0131mni hi\u00e7bir garanti verilmez.<\/p><\/li><li><p class=\"p1\">Hizmetlerin kesintisiz, hatas\u0131z veya tamamen g\u00fcvenli olaca\u011f\u0131n\u0131 garanti etmiyoruz.<\/p><\/li><li><p class=\"p1\">Yasa izin verdi\u011fi \u00f6l\u00e7\u00fcde, do\u011frudan zararlar i\u00e7in sorumlulu\u011fumuz, talep \u00f6ncesi son 12 ayda \u00f6dedi\u011finiz tutarla s\u0131n\u0131rl\u0131d\u0131r. Dolayl\u0131, tesad\u00fcfi, \u00f6zel, sonu\u00e7sal veya cezai zararlar i\u00e7in sorumlu de\u011filiz.<\/p><\/li><\/ul><h3><b>11. Ge\u00e7erli Hukuk ve Uyu\u015fmazl\u0131k \u00c7\u00f6z\u00fcm\u00fc<\/b><\/h3><ul><li><p class=\"p1\">Bu \u015eartlar <span class=\"s1\"><b>T\u00fcrkiye<\/b><\/span> yasalar\u0131na tabi olacak ve bu yasalara g\u00f6re yorumlanacakt\u0131r.<\/p><\/li><li><p class=\"p1\">Avrupa Birli\u011fi\u2019nde (veya t\u00fcketici korumas\u0131 gerektiren di\u011fer \u00fclkelerde) bulunan Kullan\u0131c\u0131lar i\u00e7in, zorunlu koruma h\u00fck\u00fcmleri varsa, bunlara uyaca\u011f\u0131z.<\/p><\/li><li><p class=\"p1\">Bu \u015eartlardan kaynaklanan veya bunlarla ilgili uyu\u015fmazl\u0131klar, aksi yasal zorunluluk olmad\u0131k\u00e7a <span class=\"s1\"><b>\u0130stanbul, T\u00fcrkiye<\/b><\/span> mahkemelerinde \u00e7\u00f6z\u00fclecektir.<\/p><\/li><\/ul><h3><b>12. \u015eartlardaki De\u011fi\u015fiklikler<\/b><\/h3><ul><li><p class=\"p1\">Bu \u015eartlar\u0131 istedi\u011fimiz zaman de\u011fi\u015ftirme hakk\u0131m\u0131z sakl\u0131d\u0131r.<\/p><\/li><li><p class=\"p1\">\u00d6nemli de\u011fi\u015fikliklerde, de\u011fi\u015fikliklerin y\u00fcr\u00fcrl\u00fc\u011fe girmesinden en az 30 g\u00fcn \u00f6nce size bildirimde bulunaca\u011f\u0131z (\u00f6rne\u011fin e-posta veya Hizmet i\u00e7i bildirim yoluyla).<\/p><\/li><li><p class=\"p1\">De\u011fi\u015fikliklerin y\u00fcr\u00fcrl\u00fck tarihinden sonra Hizmetleri kullanmaya devam etmeniz, bu de\u011fi\u015fiklikleri kabul etti\u011finiz anlam\u0131na gelir.<\/p><\/li><\/ul><h3><b>13. \u0130leti\u015fim Bilgileri<\/b><\/h3><p class=\"p4\">Bu \u015eartlarla ilgili herhangi bir soru, \u015fikayet veya talebiniz i\u00e7in a\u015fa\u011f\u0131daki adresle ileti\u015fime ge\u00e7ebilirsiniz:<\/p><p class=\"p1\"><b>Kreatifart \u2013 Can Demirel<\/b><b><\/b><\/p><p class=\"p4\">Halaskargazi Cd. No: 38-66, 34371 Lotus Ni\u015fanta\u015f\u0131 \u015ei\u015fli \/ \u0130stanbul, T\u00fcrkiye<\/p><p class=\"p4\">E-posta: info@langoai.co<\/p>\t\t\t\t\t\t\t\t<\/div>\n\t\t\t\t<\/div>\n\t\t\t\t\t<\/div>\n\t\t\t\t<\/div>\n\t\t\t\t<\/div>\n\t\t","protected":false},"excerpt":{"rendered":"<p>Effective Date: 19.09.2025 1. Definitions In these Terms, the following definitions apply: \u201cWe\u201d, \u201cUs\u201d, \u201cOur\u201d means Kreatifart \u2013 Can Demirel, the provider of LangoAI services. \u201cYou\u201d, \u201cUser\u201d means any individual or entity who uses or accesses the LangoAI services. \u201cServices\u201d means the LangoAI WordPress plugin and any related services, including but not limited to translation,&hellip;&nbsp;<a href=\"https:\/\/www.langoai.co\/tr\/hizmet-sartlari\/\" rel=\"bookmark\"><span class=\"screen-reader-text\">Hizmet \u015eartlar\u0131<\/span><\/a><\/p>\n","protected":false},"author":1,"featured_media":0,"parent":0,"menu_order":0,"comment_status":"closed","ping_status":"closed","template":"elementor_header_footer","meta":{"neve_meta_sidebar":"","neve_meta_container":"","neve_meta_enable_content_width":"","neve_meta_content_width":0,"neve_meta_title_alignment":"","neve_meta_author_avatar":"","neve_post_elements_order":"","neve_meta_disable_header":"","neve_meta_disable_footer":"","neve_meta_disable_title":"","footnotes":""},"class_list":["post-4710","page","type-page","status-publish","hentry"],"langoai_translations":{"en":{"element_id":"323","object_id":"323","language_code":"en","element_type":"post"},"es":{"element_id":"4669","object_id":"4669","language_code":"es","element_type":"post"},"tr":{"element_id":"4710","object_id":"4710","language_code":"tr","element_type":"post"},"zh-hans":{"element_id":"4726","object_id":"4726","language_code":"zh-hans","element_type":"post"}},"langoai_language":"tr","_links":{"self":[{"href":"https:\/\/www.langoai.co\/tr\/wp-json\/wp\/v2\/pages\/4710","targetHints":{"allow":["GET"]}}],"collection":[{"href":"https:\/\/www.langoai.co\/tr\/wp-json\/wp\/v2\/pages"}],"about":[{"href":"https:\/\/www.langoai.co\/tr\/wp-json\/wp\/v2\/types\/page"}],"author":[{"embeddable":true,"href":"https:\/\/www.langoai.co\/tr\/wp-json\/wp\/v2\/users\/1"}],"replies":[{"embeddable":true,"href":"https:\/\/www.langoai.co\/tr\/wp-json\/wp\/v2\/comments?post=4710"}],"version-history":[{"count":0,"href":"https:\/\/www.langoai.co\/tr\/wp-json\/wp\/v2\/pages\/4710\/revisions"}],"wp:attachment":[{"href":"https:\/\/www.langoai.co\/tr\/wp-json\/wp\/v2\/media?parent=4710"}],"curies":[{"name":"wp","href":"https:\/\/api.w.org\/{rel}","templated":true}]}}